{"id":9997,"date":"2023-11-12T16:28:01","date_gmt":"2023-11-12T15:28:01","guid":{"rendered":"http:\/\/klubmamgdynia.pl\/?post_type=product&#038;p=9997"},"modified":"2026-04-05T23:58:53","modified_gmt":"2026-04-05T21:58:53","slug":"mercedes-g63-bialy-piankowe-kola-eva-miekki-fotelik-licencja","status":"publish","type":"product","link":"http:\/\/klubmamgdynia.pl\/index.php\/produkt\/mercedes-g63-bialy-piankowe-kola-eva-miekki-fotelik-licencja\/","title":{"rendered":"Mercedes G63 Bia\u0142y Piankowe ko\u0142a Eva mi\u0119kki fotelik Licencja"},"content":{"rendered":"<p>Cabrio Mercedes G63, piankowe ko\u0142a Eva, dzieci\u0119cy samochodzik na akumulator zdalnie sterowany na pilota.KOLOR BIA\u0141YZdalnie sterowany na pilotaPiankowe ko\u0142a EVAMi\u0119kki fotelik z ekosk\u00f3ryNa licencji MERCEDESA\u015awiec\u0105ce \u015bwiat\u0142a przednie, otwierane drzwi, muzyka, klaksonPojazdem mo\u017cna sterowa\u0107 zar\u00f3wno za pomoc\u0105 pilota (przez rodzica) lub dziecko mo\u017ce to robi\u0107 samodzielnie, siedz\u0105c za kierownic\u0105. Pilotem mo\u017cna jecha\u0107 do przodu i ty\u0142u, oraz skr\u0119ca\u0107 w prawo i lewo.Pojazd generalnie przeznaczony do u\u017cytku zewn\u0119trznego, jednak jego ergonomiczna budowa sprzyja i pozwala u\u017cywa\u0107 go r\u00f3wnie\u017c w wi\u0119kszych pomieszczeniach takich jak taras czy salon. Sugerowany wiek u\u017cytkownika 1-5 lat.Muzyka sterowana przez dziecko z poziomu pulpitu oraz dodatkowo klakson z poziomu kierownicy.Wyposa\u017cenie pojazdu:pilot zdalnego sterowania 2.4G,funkcja wolnego startu,piankowe ko\u0142a Eva,mi\u0119kkie siedzisko z ekosk\u00f3ry,nowoczesny panel muzyczny z melodyjkami,regulacja g\u0142o\u015bno\u015bci,gniazdo MP3 i USB,wska\u017anik na\u0142adowania baterii (voltomierz) na panelu muzycznym,prze\u0142\u0105cznik prz\u00f3d-ty\u0142,przycisk w\u0142\u0105czania-wy\u0142\u0105czania,amortyzatory na tylnej osi,1 akumulator 12V4,5ah,\u0142adowarka (wej\u015bcie 220-230 V),pasy bezpiecze\u0144stwa,\u015bwiec\u0105ce \u015bwiat\u0142a przednie,klakson i muzyka w kierownicy,otwierane drzwi (oboje),blokada drzwi,dodatkowa r\u0105czka do ci\u0105gni\u0119cia autka po wy\u0142adowaniu,d\u017awi\u0119k zapalanego silnika,2 lusterka boczne,4 biegi (prz\u00f3d: wolny, szybki, najszybszy; ty\u0142: sta\u0142a),zmiana pr\u0119dko\u015bci nast\u0119puje z pilotapeda\u0142 gazu,z ty\u0142u imitacja ko\u0142a zapasowego,Dane techniczne pojazdu:d\u0142ugo\u015b\u0107 pojazdu: 110 cm,wysoko\u015b\u0107 pojazdu: 55 cmszeroko\u015b\u0107 pojazdu (z lusterkami): 68 cm1 bateria (akumulator) 12V4,5ah.2 silniki o mocy 35 Wat ka\u017cdy,pr\u0119dko\u015bci pojazdu: 3-5 km\/h,nap\u0119d na tylne ko\u0142a,trzeci silnik steruj\u0105cy kierownic\u0105,waga pojazdu: 15\/18 kg,\u015bredni czas jazdy: 1-2 h,prze\u015bwit (odleg\u0142o\u015b\u0107 pod\u0142o\u017ce &#8211; podwozie): ok. 10 cm,wymiary fotelika: ok 32&#215;18 cm,\u015brednica k\u00f3\u0142: 24 cm,szeroko\u015b\u0107 k\u00f3\u0142: 8,5 cmwymiary tablicy rej: ok. 13,5cm x 3 cmmarka: MERCEDESinstrukcja w j\u0119zyku polskim i angielskim,pakowanie: kolorowy karton,pojazd do samodzielnego &#8211; stosunkowo prostego monta\u017cu,maksymalne obci\u0105\u017cenie do 25 KG,autko jednoosobowe,otwierane drzwi,mi\u0119kkie siedzonko z ekosk\u00f3ry,piankowe ko\u0142a EVA,Autko do samodzielnego z\u0142o\u017cenia. Prosta instrukcja do\u0142\u0105czona do zestawu.Maksymalne obci\u0105\u017cenie 25 kg.Do ka\u017cdego pojazdu otrzymuj\u0105 Pa\u0144stwo gwarancj\u0119 na 12 miesi\u0119cy oraz instrukcj\u0119 obs\u0142ugi w j\u0119zyku polskim.Mo\u017cliwy odbi\u00f3r osobisty w okolicach Rabki oraz Nowego Targu&#8230;<\/p>\n<h2>Mercedes G63 Bia\u0142y Piankowe ko\u0142a Eva mi\u0119kki fotelik Licencja <\/h2>\n<p>imi\u0119 adriana, pierwsze urodziny prezent na roczek dla dziewczynki, bajki dla dzieci czytane, quizy dla dzieci z bajek, wiersz o marzannie, piosenka na dzie\u0144 mamy tekst, prezent na roczek od babci<\/p>\n<p>yyyyy<\/p>\n<p>&nbsp;<\/p>\n","protected":false},"excerpt":{"rendered":"<p>Cabrio Mercedes G63, piankowe ko\u0142a Eva, dzieci\u0119cy samochodzik na akumulator zdalnie sterowany na pilota.KOLOR BIA\u0141YZdalnie sterowany na pilotaPiankowe ko\u0142a EVAMi\u0119kki fotelik z ekosk\u00f3ryNa licencji MERCEDESA\u015awiec\u0105ce \u015bwiat\u0142a przednie, otwierane drzwi, muzyka, klaksonPojazdem mo\u017cna sterowa\u0107 zar\u00f3wno za pomoc\u0105 pilota (przez rodzica) lub dziecko mo\u017ce to robi\u0107 samodzielnie, siedz\u0105c za kierownic\u0105. Pilotem mo\u017cna jecha\u0107 do przodu i ty\u0142u, [&hellip;]<\/p>\n","protected":false},"featured_media":9998,"comment_status":"closed","ping_status":"open","template":"","meta":[],"product_cat":[24],"product_tag":[683,787,589,627,715],"class_list":["post-9997","product","type-product","status-publish","has-post-thumbnail","hentry","product_cat-samochody-dla-dzieci","product_tag-karaluchy-pod-poduchy","product_tag-nauka-pisania-wyrazow-dla-dzieci-do-druku-pdf","product_tag-prezent-dla-rocznego-dziecka","product_tag-quiz-dzieci-z-bullerbyn","product_tag-zosia-samosia"],"_links":{"self":[{"href":"http:\/\/klubmamgdynia.pl\/index.php\/wp-json\/wp\/v2\/product\/9997","targetHints":{"allow":["GET"]}}],"collection":[{"href":"http:\/\/klubmamgdynia.pl\/index.php\/wp-json\/wp\/v2\/product"}],"about":[{"href":"http:\/\/klubmamgdynia.pl\/index.php\/wp-json\/wp\/v2\/types\/product"}],"replies":[{"embeddable":true,"href":"http:\/\/klubmamgdynia.pl\/index.php\/wp-json\/wp\/v2\/comments?post=9997"}],"wp:featuredmedia":[{"embeddable":true,"href":"http:\/\/klubmamgdynia.pl\/index.php\/wp-json\/wp\/v2\/media\/9998"}],"wp:attachment":[{"href":"http:\/\/klubmamgdynia.pl\/index.php\/wp-json\/wp\/v2\/media?parent=9997"}],"wp:term":[{"taxonomy":"product_cat","embeddable":true,"href":"http:\/\/klubmamgdynia.pl\/index.php\/wp-json\/wp\/v2\/product_cat?post=9997"},{"taxonomy":"product_tag","embeddable":true,"href":"http:\/\/klubmamgdynia.pl\/index.php\/wp-json\/wp\/v2\/product_tag?post=9997"}],"curies":[{"name":"wp","href":"https:\/\/api.w.org\/{rel}","templated":true}]}}