{"id":9999,"date":"2025-06-08T14:56:09","date_gmt":"2025-06-08T12:56:09","guid":{"rendered":"http:\/\/klubmamgdynia.pl\/?post_type=product&#038;p=9999"},"modified":"2026-04-06T21:02:24","modified_gmt":"2026-04-06T19:02:24","slug":"multiprint-swinka-peppa-zestaw-pieczatek-w-walizce-sangenic","status":"publish","type":"product","link":"http:\/\/klubmamgdynia.pl\/index.php\/produkt\/multiprint-swinka-peppa-zestaw-pieczatek-w-walizce-sangenic\/","title":{"rendered":"Multiprint \u015awinka Peppa zestaw piecz\u0105tek w walizce Sangenic"},"content":{"rendered":"<p>Zestaw piecz\u0105tek z serii \u015awinka Peppa z akcesoriami.W zestawie znajduje si\u0119:7 piecz\u0105tek3 zmywalne pisaki1 notesplastikowe pude\u0142ko z g\u0105bk\u0105 nas\u0105czon\u0105 nietoksycznym tuszem.Nieodpowiednie dla dzieci poni\u017cej 3 lat.<\/p>\n<h2>Multiprint \u015awinka Peppa zestaw piecz\u0105tek w walizce Sangenic Multiprint<\/h2>\n<p>tabliczka mno\u017cenia do druku, sentencje na dzie\u0144 nauczyciela, kolorowanka do wydruku, quiz o stolicach europy, zagadki dla dzieci 7 lat, cytaty o mamie, \u0142amig\u0142\u00f3wki dla dzieci do druku, prezent dla ch\u0142opca 7 lat, literki do pisania, wierszyk o marzannie, flagi do druku, delfinarium polska, andrea, cytaty o przyja\u017ani kr\u00f3tkie, kolorowe listki tekst, quiz o flagach, asiunia test z lektury, z\u0142ote my\u015bli cytaty o szkole i nauce<\/p>\n<p>yyyyy<\/p>\n<p>&nbsp;<\/p>\n","protected":false},"excerpt":{"rendered":"<p>Zestaw piecz\u0105tek z serii \u015awinka Peppa z akcesoriami.W zestawie znajduje si\u0119:7 piecz\u0105tek3 zmywalne pisaki1 notesplastikowe pude\u0142ko z g\u0105bk\u0105 nas\u0105czon\u0105 nietoksycznym tuszem.Nieodpowiednie dla dzieci poni\u017cej 3 lat. Multiprint \u015awinka Peppa zestaw piecz\u0105tek w walizce Sangenic Multiprint tabliczka mno\u017cenia do druku, sentencje na dzie\u0144 nauczyciela, kolorowanka do wydruku, quiz o stolicach europy, zagadki dla dzieci 7 lat, [&hellip;]<\/p>\n","protected":false},"featured_media":10000,"comment_status":"closed","ping_status":"open","template":"","meta":[],"product_cat":[1879,21],"product_tag":[673,695,641,595,634],"class_list":["post-9999","product","type-product","status-publish","has-post-thumbnail","hentry","product_cat-multiprint","product_cat-zabawki-plastyczne","product_tag-juz-blisko-koleda-tekst","product_tag-rzadkie-imiona-zenskie","product_tag-trudne-zagadki-logiczne","product_tag-zagadki-dla-6-latka","product_tag-zagadki-wielkanocne-dla-dzieci"],"_links":{"self":[{"href":"http:\/\/klubmamgdynia.pl\/index.php\/wp-json\/wp\/v2\/product\/9999","targetHints":{"allow":["GET"]}}],"collection":[{"href":"http:\/\/klubmamgdynia.pl\/index.php\/wp-json\/wp\/v2\/product"}],"about":[{"href":"http:\/\/klubmamgdynia.pl\/index.php\/wp-json\/wp\/v2\/types\/product"}],"replies":[{"embeddable":true,"href":"http:\/\/klubmamgdynia.pl\/index.php\/wp-json\/wp\/v2\/comments?post=9999"}],"wp:featuredmedia":[{"embeddable":true,"href":"http:\/\/klubmamgdynia.pl\/index.php\/wp-json\/wp\/v2\/media\/10000"}],"wp:attachment":[{"href":"http:\/\/klubmamgdynia.pl\/index.php\/wp-json\/wp\/v2\/media?parent=9999"}],"wp:term":[{"taxonomy":"product_cat","embeddable":true,"href":"http:\/\/klubmamgdynia.pl\/index.php\/wp-json\/wp\/v2\/product_cat?post=9999"},{"taxonomy":"product_tag","embeddable":true,"href":"http:\/\/klubmamgdynia.pl\/index.php\/wp-json\/wp\/v2\/product_tag?post=9999"}],"curies":[{"name":"wp","href":"https:\/\/api.w.org\/{rel}","templated":true}]}}